{"id":792,"date":"2022-10-16T15:31:44","date_gmt":"2022-10-16T13:31:44","guid":{"rendered":"https:\/\/www.menbillar.com\/new\/?page_id=792"},"modified":"2023-06-26T12:05:09","modified_gmt":"2023-06-26T10:05:09","slug":"liga-nacional-3","status":"publish","type":"page","link":"https:\/\/www.menbillar.com\/new\/liga-nacional-3\/","title":{"rendered":"Liga Nacional 2022-2023"},"content":{"rendered":"\n<h2>Divisi\u00f3n de Honor<\/h2>\n\n\n\n<p><\/p>\n\n\n\n<h5><strong><a href=\"http:\/\/rfeb.org\/noticias2022\/liga_nal_h_grupos.pdf?x=62274034\" target=\"_blank\" rel=\"noreferrer noopener\">Equipos<\/a><\/strong><\/h5>\n\n\n\n<h5><strong><a href=\"http:\/\/rfeb.org\/noticias2022\/liga_nal_h_ordenf.pdf?x=62274034\" target=\"_blank\" rel=\"noreferrer noopener\">Alineaciones<\/a><\/strong><\/h5>\n\n\n\n<h5><a href=\"http:\/\/rfeb.org\/noticias2022\/liga_nal_h_cal.pdf?x=62274034\" target=\"_blank\" rel=\"noreferrer noopener\"><strong>Calendario<\/strong><\/a><\/h5>\n\n\n\n<p><\/p>\n\n\n\n<h3>Resultados<\/h3>\n\n\n<div class=\"ub_styled_list \" id=\"ub_styled_list-2578d83a-c27a-43eb-a891-854c75933690\"><ul class=\"fa-ul\"><li><a href=\"http:\/\/rfeb.org\/noticias2022\/liga_nal_h_j1.pdf?v=34123489\">Jornada 1<\/a><\/li><li><a href=\"http:\/\/rfeb.org\/noticias2022\/liga_nal_h_j2.pdf?x=52797185\">Jornada 2<\/a><\/li><li><a href=\"http:\/\/rfeb.org\/noticias2022\/liga_nal_h_j3.pdf?x=55217128\">Jornada 3<\/a><\/li><li><a href=\"http:\/\/rfeb.org\/noticias2022\/liga_nal_h_j4.pdf?x=30548534\">Jornada 4<\/a><\/li><li><a href=\"http:\/\/rfeb.org\/noticias2022\/liga_nal_h_j5.pdf?x=23525663\">Jornada 5<\/a><\/li><li><a href=\"https:\/\/rfeb.org\/noticias2022\/liga_nal_h_j6.pdf\">Jornada 6<\/a><\/li><li><a href=\"https:\/\/rfeb.org\/noticias2022\/liga_nal_h_j7.pdf\">Jornada 7<\/a><\/li><li><a href=\"https:\/\/rfeb.org\/noticias2022\/liga_nal_h_j8.pdf?x=66562398\">Jornada 8<\/a><\/li><li><a href=\"https:\/\/rfeb.org\/noticias2022\/liga_nal_h_j9.pdf?x=12496964\">Jornada 9<\/a><\/li><li><a href=\"https:\/\/rfeb.org\/noticias2022\/liga_nal_h_j10.pdf\">Jornada 10<\/a><\/li><li><a href=\"https:\/\/rfeb.org\/noticias2022\/liga_nal_h_j11.pdf\">Jornada 11<\/a><\/li><li><a href=\"https:\/\/rfeb.org\/noticias2022\/liga_nal_h_j12.pdf\">Jornada 12<\/a><\/li><li><a href=\"https:\/\/rfeb.org\/noticias2022\/liga_nal_h_j13y14.pdf\">Jornadas 13 y 14<\/a><\/li><\/ul><\/div>\n\n\n<p><\/p>\n\n\n\n<h5><strong><a href=\"http:\/\/rfeb.org\/noticias2022\/liga_nal_h_cjug.pdf?x=62274034\" target=\"_blank\" rel=\"noreferrer noopener\">Clasificaci\u00f3n de jugadores<\/a><\/strong><\/h5>\n\n\n\n<p> <\/p>\n\n\n\n<p> <\/p>\n\n\n\n<h2 class=\"has-text-align-center\"><strong>CLASIFICACI\u00d3N FINAL<\/strong><\/h2>\n\n\n\n<figure class=\"wp-block-image size-full\"><img decoding=\"async\" loading=\"lazy\" width=\"987\" height=\"762\" src=\"https:\/\/www.menbillar.com\/new\/wp-content\/uploads\/2023\/06\/Screenshot-2023-06-26-at-12-03-20-liga_nal_h_res.pdf.png\" alt=\"\" class=\"wp-image-985\" srcset=\"https:\/\/www.menbillar.com\/new\/wp-content\/uploads\/2023\/06\/Screenshot-2023-06-26-at-12-03-20-liga_nal_h_res.pdf.png 987w, https:\/\/www.menbillar.com\/new\/wp-content\/uploads\/2023\/06\/Screenshot-2023-06-26-at-12-03-20-liga_nal_h_res.pdf-300x232.png 300w, https:\/\/www.menbillar.com\/new\/wp-content\/uploads\/2023\/06\/Screenshot-2023-06-26-at-12-03-20-liga_nal_h_res.pdf-768x593.png 768w, https:\/\/www.menbillar.com\/new\/wp-content\/uploads\/2023\/06\/Screenshot-2023-06-26-at-12-03-20-liga_nal_h_res.pdf-1x1.png 1w\" sizes=\"(max-width: 987px) 100vw, 987px\" \/><\/figure>\n\n\n\n<h3 class=\"has-text-align-center has-black-color has-text-color\"><mark style=\"background-color:rgba(0, 0, 0, 0);color:#504e4e\" class=\"has-inline-color\"><\/mark><\/h3>\n\n\n\n<p><\/p>\n","protected":false},"excerpt":{"rendered":"<p>Divisi\u00f3n de Honor Equipos Alineaciones Calendario Clasificaci\u00f3n de jugadores CLASIFICACI\u00d3N FINAL<\/p>\n","protected":false},"author":5,"featured_media":0,"parent":0,"menu_order":0,"comment_status":"closed","ping_status":"closed","template":"","meta":{"ub_ctt_via":""},"featured_image_src":null,"_links":{"self":[{"href":"https:\/\/www.menbillar.com\/new\/wp-json\/wp\/v2\/pages\/792"}],"collection":[{"href":"https:\/\/www.menbillar.com\/new\/wp-json\/wp\/v2\/pages"}],"about":[{"href":"https:\/\/www.menbillar.com\/new\/wp-json\/wp\/v2\/types\/page"}],"author":[{"embeddable":true,"href":"https:\/\/www.menbillar.com\/new\/wp-json\/wp\/v2\/users\/5"}],"replies":[{"embeddable":true,"href":"https:\/\/www.menbillar.com\/new\/wp-json\/wp\/v2\/comments?post=792"}],"version-history":[{"count":18,"href":"https:\/\/www.menbillar.com\/new\/wp-json\/wp\/v2\/pages\/792\/revisions"}],"predecessor-version":[{"id":987,"href":"https:\/\/www.menbillar.com\/new\/wp-json\/wp\/v2\/pages\/792\/revisions\/987"}],"wp:attachment":[{"href":"https:\/\/www.menbillar.com\/new\/wp-json\/wp\/v2\/media?parent=792"}],"curies":[{"name":"wp","href":"https:\/\/api.w.org\/{rel}","templated":true}]}}