{"id":649,"date":"2022-06-29T16:09:32","date_gmt":"2022-06-29T14:09:32","guid":{"rendered":"https:\/\/www.menbillar.com\/new\/?page_id=649"},"modified":"2023-10-30T10:41:36","modified_gmt":"2023-10-30T09:41:36","slug":"649-2","status":"publish","type":"page","link":"https:\/\/www.menbillar.com\/new\/649-2\/","title":{"rendered":"Palmar\u00e9s"},"content":{"rendered":"\n<div class=\"is-layout-flow wp-block-group\"><div class=\"wp-block-group__inner-container\"><div class=\"ub_styled_list \" id=\"ub_styled_list-03f4ad8d-6bda-4dab-b021-00a94e5affe3\"><ul class=\"fa-ul\"><li><mark style=\"background-color:rgba(0, 0, 0, 0);color:#245470\" class=\"has-inline-color\"><strong>Campeones de la Liga Nacional de Divisi\u00f3n de Honor de Billar a Tres Bandas 2023.<\/strong><\/mark><\/li><li><mark style=\"background-color:rgba(0, 0, 0, 0);color:#245470\" class=\"has-inline-color\"><strong>3\u00ba Clasificado Medalla de Bronce Copa de Europa Tres Bandas 2016 (Oporto-Portugal).<\/strong><\/mark><\/li><li><mark style=\"background-color:rgba(0, 0, 0, 0);color:#245470\" class=\"has-inline-color\"><strong>Campe\u00f3n de Espa\u00f1a (Medalla de Oro) 5 Quillas 2022 (Baeza-Ja\u00e9n).<\/strong><\/mark><\/li><li><mark style=\"background-color:rgba(0, 0, 0, 0);color:#245470\" class=\"has-inline-color\"><strong>Subcampe\u00f3n (Medalla de Plata) Divisi\u00f3n de Honor Liga Nacional Billar a Tres Bandas 2015 (Palma de Mallorca).<\/strong><\/mark><\/li><li><mark style=\"background-color:rgba(0, 0, 0, 0);color:#245470\" class=\"has-inline-color\"><strong>3\u00ba Clasificado (Medalla de Bronce) Divisi\u00f3n de Honor Liga Nacional Billar a Tres Bandas 2013 (Paiporta-Valencia).<\/strong><\/mark><\/li><li><mark style=\"background-color:rgba(0, 0, 0, 0);color:#245470\" class=\"has-inline-color\"><strong>3\u00ba Clasificado (Medalla de Bronce) Liga Nacional Juegos de Serie a\u00f1os 2014 y 2015.<\/strong><\/mark><\/li><li><mark style=\"background-color:rgba(0, 0, 0, 0);color:#245470\" class=\"has-inline-color\"><strong>Campe\u00f3n de Espa\u00f1a (Medalla de Oro) Liga Nacional Primera Divisi\u00f3n Billar a Tres Bandas 1996 (L`Alcudia-Valencia).<\/strong><\/mark><\/li><li><mark style=\"background-color:rgba(0, 0, 0, 0);color:#245470\" class=\"has-inline-color\"><strong>3\u00ba Clasificado (Medalla de Bronce ) Liga Nacional Primera Divisi\u00f3n Billar a Tres Bandas a\u00f1os 2017, 2019 y 2020.<\/strong><\/mark><\/li><li><mark style=\"background-color:rgba(0, 0, 0, 0);color:#245470\" class=\"has-inline-color\"><strong>12 Veces Campe\u00f3n Liga Comunidad de Madrid Billar a Tres Banda<\/strong><\/mark>s<mark style=\"background-color:rgba(0, 0, 0, 0);color:#245470\" class=\"has-inline-color\"><strong>.<\/strong><\/mark><\/li><\/ul><\/div><\/div><\/div>\n","protected":false},"excerpt":{"rendered":"","protected":false},"author":1,"featured_media":0,"parent":0,"menu_order":0,"comment_status":"closed","ping_status":"closed","template":"","meta":{"ub_ctt_via":""},"featured_image_src":null,"_links":{"self":[{"href":"https:\/\/www.menbillar.com\/new\/wp-json\/wp\/v2\/pages\/649"}],"collection":[{"href":"https:\/\/www.menbillar.com\/new\/wp-json\/wp\/v2\/pages"}],"about":[{"href":"https:\/\/www.menbillar.com\/new\/wp-json\/wp\/v2\/types\/page"}],"author":[{"embeddable":true,"href":"https:\/\/www.menbillar.com\/new\/wp-json\/wp\/v2\/users\/1"}],"replies":[{"embeddable":true,"href":"https:\/\/www.menbillar.com\/new\/wp-json\/wp\/v2\/comments?post=649"}],"version-history":[{"count":15,"href":"https:\/\/www.menbillar.com\/new\/wp-json\/wp\/v2\/pages\/649\/revisions"}],"predecessor-version":[{"id":1056,"href":"https:\/\/www.menbillar.com\/new\/wp-json\/wp\/v2\/pages\/649\/revisions\/1056"}],"wp:attachment":[{"href":"https:\/\/www.menbillar.com\/new\/wp-json\/wp\/v2\/media?parent=649"}],"curies":[{"name":"wp","href":"https:\/\/api.w.org\/{rel}","templated":true}]}}