{"id":311,"date":"2019-12-04T17:42:31","date_gmt":"2019-12-04T16:42:31","guid":{"rendered":"https:\/\/www.menbillar.com\/new\/?page_id=311"},"modified":"2021-01-04T21:09:13","modified_gmt":"2021-01-04T20:09:13","slug":"nosotros","status":"publish","type":"page","link":"https:\/\/www.menbillar.com\/new\/nosotros\/","title":{"rendered":"Nosotros"},"content":{"rendered":"\n<p>El Club Madrid Escuela Nacional de Billar nace en Madrid, en mayo de 1992, siendo fundado por Valent\u00edn Andaluz Bl\u00e1zquez, J.J. Cazorla, Avelino Rico, Jes\u00fas Pe\u00f1a y J.M. Morales, con el objetivo de fomentar la pr\u00e1ctica del deporte del billar entre sus asociados. Adem\u00e1s del billar a tres bandas, entre sus asociados se encuentran practicantes de otras modalidades como 5 quillas, juegos cortos, pool y snooker. <\/p>\n\n\n\n<p>Actualmente el Club Madrid Escuela Nacional participa competitivamente en la m\u00e1xima categor\u00eda de la Liga Nacional de billar a 3 bandas y posee 3 equipos que participan en las ligas regionales de billar a 3 bandas de la Comunidad de Madrid. <\/p>\n\n\n\n<p>Adem\u00e1s, el Club Madrid Escuela Nacional organiza actividades l\u00fadico deportivas y did\u00e1cticas para sus asociados y la comunidad billar\u00edstica en general, entre las cuales se cuentan torneos sociales, escuelas deportivas, talleres de ense\u00f1anza del billar, entre otras. <\/p>\n","protected":false},"excerpt":{"rendered":"<p>El Club Madrid Escuela Nacional de Billar nace en Madrid, en mayo de 1992, siendo fundado por Valent\u00edn Andaluz Bl\u00e1zquez, J.J. Cazorla, Avelino Rico, Jes\u00fas Pe\u00f1a y J.M. Morales, con el objetivo de fomentar la pr\u00e1ctica del deporte del billar entre sus asociados. Adem\u00e1s del billar a tres bandas, entre sus asociados se encuentran practicantes [&hellip;]<\/p>\n","protected":false},"author":1,"featured_media":0,"parent":0,"menu_order":0,"comment_status":"closed","ping_status":"closed","template":"","meta":{"ub_ctt_via":""},"featured_image_src":null,"_links":{"self":[{"href":"https:\/\/www.menbillar.com\/new\/wp-json\/wp\/v2\/pages\/311"}],"collection":[{"href":"https:\/\/www.menbillar.com\/new\/wp-json\/wp\/v2\/pages"}],"about":[{"href":"https:\/\/www.menbillar.com\/new\/wp-json\/wp\/v2\/types\/page"}],"author":[{"embeddable":true,"href":"https:\/\/www.menbillar.com\/new\/wp-json\/wp\/v2\/users\/1"}],"replies":[{"embeddable":true,"href":"https:\/\/www.menbillar.com\/new\/wp-json\/wp\/v2\/comments?post=311"}],"version-history":[{"count":3,"href":"https:\/\/www.menbillar.com\/new\/wp-json\/wp\/v2\/pages\/311\/revisions"}],"predecessor-version":[{"id":372,"href":"https:\/\/www.menbillar.com\/new\/wp-json\/wp\/v2\/pages\/311\/revisions\/372"}],"wp:attachment":[{"href":"https:\/\/www.menbillar.com\/new\/wp-json\/wp\/v2\/media?parent=311"}],"curies":[{"name":"wp","href":"https:\/\/api.w.org\/{rel}","templated":true}]}}