{"id":235,"date":"2019-12-03T09:48:21","date_gmt":"2019-12-03T08:48:21","guid":{"rendered":"https:\/\/www.menbillar.com\/new\/?page_id=235"},"modified":"2022-06-30T19:27:40","modified_gmt":"2022-06-30T17:27:40","slug":"contacto-2","status":"publish","type":"page","link":"https:\/\/www.menbillar.com\/new\/contacto-2\/","title":{"rendered":"Contacto"},"content":{"rendered":"\n<p>El Club Madrid Escuela Nacional desarrolla sus actividades en la sede de la Real Federaci\u00f3n Espa\u00f1ola de Billar, en el tradicional barrio madrile\u00f1o de Salamanca, en el n\u00famero 48 de la Calle Alc\u00e1ntara.<br>Puedes contactarnos tambi\u00e9n en el correo <a href=\"mailto:menbillar@gmail.com\">menbillar@gmail.com<\/a><\/p>\n\n\n\n<p>La ubicaci\u00f3n precisa de las instalaciones de la R.F.E.B. se puede ver en el mapa que hemos puesto aqu\u00ed para que nos encuentres f\u00e1cilmente.<\/p>\n\n\n\n<iframe loading=\"lazy\" src=\"https:\/\/www.google.com\/maps\/embed?pb=!1m18!1m12!1m3!1d3037.032201104845!2d-3.67571128467916!3d40.430285862739!2m3!1f0!2f0!3f0!3m2!1i1024!2i768!4f13.1!3m3!1m2!1s0xd4228b9ea69d0c9%3A0x3ffccd4a80a4173e!2sCalle%20de%20Alc%C3%A1ntara%2C%2048%2C%2028006%20Madrid%2C%20Espa%C3%B1a!5e0!3m2!1ses!2sae!4v1609790389696!5m2!1ses!2sae\" style=\"border:0;\" allowfullscreen=\"\" aria-hidden=\"false\" tabindex=\"0\" width=\"600\" height=\"450\" frameborder=\"0\"><\/iframe>\n","protected":false},"excerpt":{"rendered":"<p>El Club Madrid Escuela Nacional desarrolla sus actividades en la sede de la Real Federaci\u00f3n Espa\u00f1ola de Billar, en el tradicional barrio madrile\u00f1o de Salamanca, en el n\u00famero 48 de la Calle Alc\u00e1ntara.Puedes contactarnos tambi\u00e9n en el correo menbillar@gmail.com La ubicaci\u00f3n precisa de las instalaciones de la R.F.E.B. se puede ver en el mapa que [&hellip;]<\/p>\n","protected":false},"author":1,"featured_media":0,"parent":0,"menu_order":0,"comment_status":"closed","ping_status":"closed","template":"","meta":{"ub_ctt_via":""},"featured_image_src":null,"_links":{"self":[{"href":"https:\/\/www.menbillar.com\/new\/wp-json\/wp\/v2\/pages\/235"}],"collection":[{"href":"https:\/\/www.menbillar.com\/new\/wp-json\/wp\/v2\/pages"}],"about":[{"href":"https:\/\/www.menbillar.com\/new\/wp-json\/wp\/v2\/types\/page"}],"author":[{"embeddable":true,"href":"https:\/\/www.menbillar.com\/new\/wp-json\/wp\/v2\/users\/1"}],"replies":[{"embeddable":true,"href":"https:\/\/www.menbillar.com\/new\/wp-json\/wp\/v2\/comments?post=235"}],"version-history":[{"count":6,"href":"https:\/\/www.menbillar.com\/new\/wp-json\/wp\/v2\/pages\/235\/revisions"}],"predecessor-version":[{"id":745,"href":"https:\/\/www.menbillar.com\/new\/wp-json\/wp\/v2\/pages\/235\/revisions\/745"}],"wp:attachment":[{"href":"https:\/\/www.menbillar.com\/new\/wp-json\/wp\/v2\/media?parent=235"}],"curies":[{"name":"wp","href":"https:\/\/api.w.org\/{rel}","templated":true}]}}