{"id":226,"date":"2019-12-02T19:32:41","date_gmt":"2019-12-02T18:32:41","guid":{"rendered":"https:\/\/www.menbillar.com\/new\/?page_id=226"},"modified":"2023-10-28T10:06:28","modified_gmt":"2023-10-28T08:06:28","slug":"equipacion","status":"publish","type":"page","link":"https:\/\/www.menbillar.com\/new\/equipacion\/","title":{"rendered":"Equipaci\u00f3n"},"content":{"rendered":"\n<p>Adquiere nuestra equipaci\u00f3n exclusiva, fabricada por StarLine. Una prenda de m\u00e1xima calidad, dise\u00f1ada para el club con m\u00e1s historia en el billar madrile\u00f1o. Disponible ahora mismo en todas las tallas.<\/p>\n\n\n\n<p>M\u00e1s informaci\u00f3n en nuestro perfil de <a rel=\"noreferrer noopener\" aria-label=\"Facebook (se abre en una nueva pesta\u00f1a)\" href=\"https:\/\/www.facebook.com\/madridescuelanacional.billar\" target=\"_blank\">Facebook<\/a> y en la tienda <a href=\"http:\/\/www.starlineapparel.com\">Starline<\/a>.<\/p>\n\n\n\n<p><\/p>\n\n\n\n<p>Adquiere nuestra nueva equipaci\u00f3n exclusiva para la temporada 22\/23 dise\u00f1ada y fabricada por Star Line\u2026..<\/p>\n\n\n\n<figure class=\"wp-block-image size-large\"><img decoding=\"async\" loading=\"lazy\" width=\"1024\" height=\"685\" src=\"https:\/\/www.menbillar.com\/new\/wp-content\/uploads\/2023\/10\/equipacion_2023-1024x685.jpg\" alt=\"\" class=\"wp-image-1053\" srcset=\"https:\/\/www.menbillar.com\/new\/wp-content\/uploads\/2023\/10\/equipacion_2023-1024x685.jpg 1024w, https:\/\/www.menbillar.com\/new\/wp-content\/uploads\/2023\/10\/equipacion_2023-300x201.jpg 300w, https:\/\/www.menbillar.com\/new\/wp-content\/uploads\/2023\/10\/equipacion_2023-768x514.jpg 768w, https:\/\/www.menbillar.com\/new\/wp-content\/uploads\/2023\/10\/equipacion_2023-1536x1027.jpg 1536w, https:\/\/www.menbillar.com\/new\/wp-content\/uploads\/2023\/10\/equipacion_2023-2048x1369.jpg 2048w, https:\/\/www.menbillar.com\/new\/wp-content\/uploads\/2023\/10\/equipacion_2023-1x1.jpg 1w\" sizes=\"(max-width: 1024px) 100vw, 1024px\" \/><\/figure>\n","protected":false},"excerpt":{"rendered":"<p>Adquiere nuestra equipaci\u00f3n exclusiva, fabricada por StarLine. Una prenda de m\u00e1xima calidad, dise\u00f1ada para el club con m\u00e1s historia en el billar madrile\u00f1o. Disponible ahora mismo en todas las tallas. M\u00e1s informaci\u00f3n en nuestro perfil de Facebook y en la tienda Starline. Adquiere nuestra nueva equipaci\u00f3n exclusiva para la temporada 22\/23 dise\u00f1ada y fabricada por [&hellip;]<\/p>\n","protected":false},"author":1,"featured_media":0,"parent":0,"menu_order":0,"comment_status":"closed","ping_status":"closed","template":"","meta":{"ub_ctt_via":""},"featured_image_src":null,"_links":{"self":[{"href":"https:\/\/www.menbillar.com\/new\/wp-json\/wp\/v2\/pages\/226"}],"collection":[{"href":"https:\/\/www.menbillar.com\/new\/wp-json\/wp\/v2\/pages"}],"about":[{"href":"https:\/\/www.menbillar.com\/new\/wp-json\/wp\/v2\/types\/page"}],"author":[{"embeddable":true,"href":"https:\/\/www.menbillar.com\/new\/wp-json\/wp\/v2\/users\/1"}],"replies":[{"embeddable":true,"href":"https:\/\/www.menbillar.com\/new\/wp-json\/wp\/v2\/comments?post=226"}],"version-history":[{"count":9,"href":"https:\/\/www.menbillar.com\/new\/wp-json\/wp\/v2\/pages\/226\/revisions"}],"predecessor-version":[{"id":1054,"href":"https:\/\/www.menbillar.com\/new\/wp-json\/wp\/v2\/pages\/226\/revisions\/1054"}],"wp:attachment":[{"href":"https:\/\/www.menbillar.com\/new\/wp-json\/wp\/v2\/media?parent=226"}],"curies":[{"name":"wp","href":"https:\/\/api.w.org\/{rel}","templated":true}]}}