{"id":224,"date":"2019-12-02T19:32:41","date_gmt":"2019-12-02T18:32:41","guid":{"rendered":"https:\/\/www.menbillar.com\/new\/?page_id=224"},"modified":"2022-10-20T10:16:25","modified_gmt":"2022-10-20T08:16:25","slug":"liga-nacional","status":"publish","type":"page","link":"https:\/\/www.menbillar.com\/new\/liga-nacional\/","title":{"rendered":"Liga Nacional 2021-2022"},"content":{"rendered":"\n<h2>Divisi\u00f3n de Honor<\/h2>\n\n\n\n<p><\/p>\n\n\n\n<h5><strong><a href=\"http:\/\/rfeb.org\/noticias2021\/liga_nal_h_grupos.pdf?x=62274034\" target=\"_blank\" rel=\"noreferrer noopener\">Equipos<\/a><\/strong><\/h5>\n\n\n\n<h5><strong><a href=\"http:\/\/rfeb.org\/noticias2021\/liga_nal_h_ordenf.pdf?x=62274034\" target=\"_blank\" rel=\"noreferrer noopener\">Alineaciones<\/a><\/strong><\/h5>\n\n\n\n<h5><a rel=\"noreferrer noopener\" href=\"http:\/\/rfeb.org\/noticias2021\/liga_nal_h_cal.pdf?x=62274034\" target=\"_blank\"><strong>Calendario<\/strong><\/a><\/h5>\n\n\n\n<p><\/p>\n\n\n\n<h3>Resultados<\/h3>\n\n\n<div class=\"ub_styled_list \" id=\"ub_styled_list-0c114aff-860c-4010-b561-422f3d2ef95a\"><ul class=\"fa-ul\"><li><strong><a href=\"http:\/\/rfeb.org\/noticias2021\/liga_nal_h_j1.pdf?x=62274034\" target=\"_blank\" rel=\"noreferrer noopener\">Jornada 1<\/a><\/strong><\/li><li><strong><a href=\"http:\/\/rfeb.org\/noticias2021\/liga_nal_h_j2.pdf?x=62274034\" target=\"_blank\" rel=\"noreferrer noopener\">Jornada 2<\/a><\/strong><\/li><li><strong><a href=\"http:\/\/rfeb.org\/noticias2021\/liga_nal_h_j3.pdf?x=62274034\" target=\"_blank\" rel=\"noreferrer noopener\">Jornada 3<\/a><\/strong><\/li><li><strong><a href=\"http:\/\/rfeb.org\/noticias2021\/liga_nal_h_j4.pdf?x=62274034\" target=\"_blank\" rel=\"noreferrer noopener\">Jornada 4<\/a><\/strong><\/li><li><strong><a href=\"http:\/\/rfeb.org\/noticias2021\/liga_nal_h_j5.pdf?x=62274034\" target=\"_blank\" rel=\"noreferrer noopener\">Jornada 5<\/a><\/strong><\/li><li><strong><a href=\"http:\/\/rfeb.org\/noticias2021\/liga_nal_h_j6.pdf?x=62274034\" target=\"_blank\" rel=\"noreferrer noopener\">Jornada 6<\/a><\/strong><\/li><li><strong><a href=\"http:\/\/rfeb.org\/noticias2021\/liga_nal_h_j7a9.pdf?x=62274034\" target=\"_blank\" rel=\"noreferrer noopener\">Jornadas 7 a 9<\/a><\/strong><\/li><li><strong><a href=\"http:\/\/rfeb.org\/noticias2021\/liga_nal_h_j10.pdf?x=62274034\" target=\"_blank\" rel=\"noreferrer noopener\">Jornada 10<\/a><\/strong><\/li><li><strong><a href=\"http:\/\/rfeb.org\/noticias2021\/liga_nal_h_j11.pdf?x=62274034\" target=\"_blank\" rel=\"noreferrer noopener\">Jornada 11<\/a><\/strong><\/li><li><strong><a href=\"http:\/\/rfeb.org\/noticias2021\/liga_nal_h_j12.pdf?x=62274034\" target=\"_blank\" rel=\"noreferrer noopener\">Jornada 12<\/a><\/strong><\/li><li><strong><a href=\"http:\/\/rfeb.org\/noticias2021\/liga_nal_h_j13.pdf?x=62274034\" target=\"_blank\" rel=\"noreferrer noopener\">Jornada 13<\/a><\/strong><\/li><li><strong><a href=\"http:\/\/rfeb.org\/noticias2021\/liga_nal_h_j14.pdf?x=62274034\" target=\"_blank\" rel=\"noreferrer noopener\">Jornada 14<\/a><\/strong><\/li><li><strong><a href=\"http:\/\/rfeb.org\/noticias2021\/liga_nal_h_j15.pdf?x=62274034\" target=\"_blank\" rel=\"noreferrer noopener\">Jornada 15<\/a><\/strong><\/li><li><strong><a href=\"http:\/\/rfeb.org\/noticias2021\/liga_nal_h_j16a18.pdf?x=62274034\" target=\"_blank\" rel=\"noreferrer noopener\">Jornadas 16 a 18<\/a><\/strong><\/li><\/ul><\/div>\n\n\n<p><\/p>\n\n\n\n<h5><strong><a rel=\"noreferrer noopener\" href=\"http:\/\/rfeb.org\/noticias2021\/liga_nal_h_cjug.pdf?x=62274034\" target=\"_blank\">Clasificaci\u00f3n de jugadores<\/a><\/strong><\/h5>\n\n\n\n<p> <\/p>\n\n\n\n<p> <\/p>\n\n\n\n<p><\/p>\n\n\n\n<h3 class=\"has-text-align-center has-black-color has-text-color\"><mark style=\"background-color:rgba(0, 0, 0, 0);color:#504e4e\" class=\"has-inline-color\"><strong>CLASIFICACI\u00d3N FINAL<\/strong><\/mark><\/h3>\n\n\n\n<figure class=\"wp-block-image size-full\"><img decoding=\"async\" loading=\"lazy\" width=\"988\" height=\"811\" src=\"https:\/\/www.menbillar.com\/new\/wp-content\/uploads\/2022\/06\/Screenshot-2022-06-30-at-15-46-53-liga_nal_h_res.pdf.png\" alt=\"\" class=\"wp-image-691\" srcset=\"https:\/\/www.menbillar.com\/new\/wp-content\/uploads\/2022\/06\/Screenshot-2022-06-30-at-15-46-53-liga_nal_h_res.pdf.png 988w, https:\/\/www.menbillar.com\/new\/wp-content\/uploads\/2022\/06\/Screenshot-2022-06-30-at-15-46-53-liga_nal_h_res.pdf-300x246.png 300w, https:\/\/www.menbillar.com\/new\/wp-content\/uploads\/2022\/06\/Screenshot-2022-06-30-at-15-46-53-liga_nal_h_res.pdf-768x630.png 768w, https:\/\/www.menbillar.com\/new\/wp-content\/uploads\/2022\/06\/Screenshot-2022-06-30-at-15-46-53-liga_nal_h_res.pdf-1x1.png 1w\" sizes=\"(max-width: 988px) 100vw, 988px\" \/><\/figure>\n\n\n\n<p><\/p>\n","protected":false},"excerpt":{"rendered":"<p>Divisi\u00f3n de Honor Equipos Alineaciones Calendario Clasificaci\u00f3n de jugadores CLASIFICACI\u00d3N FINAL<\/p>\n","protected":false},"author":5,"featured_media":0,"parent":0,"menu_order":0,"comment_status":"closed","ping_status":"closed","template":"","meta":{"ub_ctt_via":""},"featured_image_src":null,"_links":{"self":[{"href":"https:\/\/www.menbillar.com\/new\/wp-json\/wp\/v2\/pages\/224"}],"collection":[{"href":"https:\/\/www.menbillar.com\/new\/wp-json\/wp\/v2\/pages"}],"about":[{"href":"https:\/\/www.menbillar.com\/new\/wp-json\/wp\/v2\/types\/page"}],"author":[{"embeddable":true,"href":"https:\/\/www.menbillar.com\/new\/wp-json\/wp\/v2\/users\/5"}],"replies":[{"embeddable":true,"href":"https:\/\/www.menbillar.com\/new\/wp-json\/wp\/v2\/comments?post=224"}],"version-history":[{"count":37,"href":"https:\/\/www.menbillar.com\/new\/wp-json\/wp\/v2\/pages\/224\/revisions"}],"predecessor-version":[{"id":984,"href":"https:\/\/www.menbillar.com\/new\/wp-json\/wp\/v2\/pages\/224\/revisions\/984"}],"wp:attachment":[{"href":"https:\/\/www.menbillar.com\/new\/wp-json\/wp\/v2\/media?parent=224"}],"curies":[{"name":"wp","href":"https:\/\/api.w.org\/{rel}","templated":true}]}}