{"id":1169,"date":"2024-10-11T13:05:25","date_gmt":"2024-10-11T11:05:25","guid":{"rendered":"https:\/\/www.menbillar.com\/new\/?page_id=1169"},"modified":"2024-10-22T11:49:38","modified_gmt":"2024-10-22T09:49:38","slug":"liga-de-la-c-a-m-2024-2025","status":"publish","type":"page","link":"https:\/\/www.menbillar.com\/new\/liga-de-la-c-a-m-2024-2025\/","title":{"rendered":"Liga de la C.A.M. 2024-2025"},"content":{"rendered":"\n<div class=\"is-layout-flex wp-container-4 wp-block-columns\">\n<div class=\"is-layout-flow wp-block-column\">\n<h2>Divisi\u00f3n de Honor<\/h2>\n\n\n\n<p><strong><a href=\"https:\/\/www.federacionmadriddebillar.com\/datos2425\/liga_reg_h_equipos.pdf?v=69353\" target=\"_blank\" rel=\"noreferrer noopener\">Equipos<\/a><\/strong><\/p>\n\n\n\n<p><strong><a href=\"https:\/\/www.federacionmadriddebillar.com\/datos2425\/liga_reg_h_cal.pdf?v=69353\" target=\"_blank\" rel=\"noreferrer noopener\">Calendario<\/a><\/strong><\/p>\n\n\n\n<h3>Resultados<\/h3>\n\n\n<div class=\"ub_styled_list \" id=\"ub_styled_list-8ea9cfc2-b1a3-4bcb-b68f-35eab8cabc21\"><ul class=\"fa-ul\"><li><a href=\"https:\/\/www.federacionmadriddebillar.com\/datos2425\/liga_reg_h_j1.pdf?v=87712\">Jornada 1<\/a><\/li><\/ul><\/div>\n\n\n<p><\/p>\n\n\n\n<p><\/p>\n<\/div>\n\n\n\n<div class=\"is-layout-flow wp-block-column\">\n<h2>Primera Divisi\u00f3n<\/h2>\n\n\n\n<p><strong><a href=\"https:\/\/www.federacionmadriddebillar.com\/datos2425\/liga_reg_1_equipos.pdf?v=69353\" target=\"_blank\" rel=\"noreferrer noopener\">Equipos<\/a><\/strong><\/p>\n\n\n\n<p><strong><a href=\"https:\/\/www.federacionmadriddebillar.com\/datos2425\/liga_reg_1_cal.pdf?v=69353\" target=\"_blank\" rel=\"noreferrer noopener\">Calendario<\/a><\/strong><\/p>\n\n\n\n<h3>Resultados<\/h3>\n\n\n<div class=\"ub_styled_list \" id=\"ub_styled_list-db470bd0-11d9-4b93-b1b3-284dbbbff800\"><ul class=\"fa-ul\"><li><a href=\"https:\/\/www.federacionmadriddebillar.com\/datos2425\/liga_reg_1_j1.pdf?v=87712\">Jornada 1<\/a><\/li><\/ul><\/div><\/div>\n\n\n\n<div class=\"is-layout-flow wp-block-column\">\n<h2>Segunda Divisi\u00f3n<\/h2>\n\n\n\n<p><strong><a href=\"https:\/\/www.federacionmadriddebillar.com\/datos2425\/liga_reg_2_equipos.pdf?v=69353\">Equipos<\/a><\/strong><\/p>\n\n\n\n<p><strong><a href=\"https:\/\/www.federacionmadriddebillar.com\/datos2425\/liga_reg_2_cal.pdf?v=69353\">Calendario<\/a><\/strong><\/p>\n\n\n\n<h3>Resultados<\/h3>\n\n\n<div class=\"ub_styled_list \" id=\"ub_styled_list-ef429f54-281c-4cc6-a792-3ee04b989f35\"><ul class=\"fa-ul\"><li><a href=\"https:\/\/www.federacionmadriddebillar.com\/datos2425\/liga_reg_2_j1.pdf?v=87712\">Jornada 1<\/a><\/li><li><a href=\"https:\/\/www.federacionmadriddebillar.com\/datos2425\/liga_reg_2_j2.pdf?v=87712\">Jornada 2<\/a><\/li><li><a href=\"https:\/\/www.federacionmadriddebillar.com\/datos2425\/liga_reg_2_j3.pdf\">Jornada 3<\/a><\/li><\/ul><\/div><\/div>\n<\/div>\n","protected":false},"excerpt":{"rendered":"<p>Divisi\u00f3n de Honor Equipos Calendario Resultados Primera Divisi\u00f3n Equipos Calendario Resultados Segunda Divisi\u00f3n Equipos Calendario Resultados<\/p>\n","protected":false},"author":5,"featured_media":0,"parent":0,"menu_order":0,"comment_status":"closed","ping_status":"closed","template":"","meta":{"ub_ctt_via":""},"featured_image_src":null,"_links":{"self":[{"href":"https:\/\/www.menbillar.com\/new\/wp-json\/wp\/v2\/pages\/1169"}],"collection":[{"href":"https:\/\/www.menbillar.com\/new\/wp-json\/wp\/v2\/pages"}],"about":[{"href":"https:\/\/www.menbillar.com\/new\/wp-json\/wp\/v2\/types\/page"}],"author":[{"embeddable":true,"href":"https:\/\/www.menbillar.com\/new\/wp-json\/wp\/v2\/users\/5"}],"replies":[{"embeddable":true,"href":"https:\/\/www.menbillar.com\/new\/wp-json\/wp\/v2\/comments?post=1169"}],"version-history":[{"count":2,"href":"https:\/\/www.menbillar.com\/new\/wp-json\/wp\/v2\/pages\/1169\/revisions"}],"predecessor-version":[{"id":1174,"href":"https:\/\/www.menbillar.com\/new\/wp-json\/wp\/v2\/pages\/1169\/revisions\/1174"}],"wp:attachment":[{"href":"https:\/\/www.menbillar.com\/new\/wp-json\/wp\/v2\/media?parent=1169"}],"curies":[{"name":"wp","href":"https:\/\/api.w.org\/{rel}","templated":true}]}}